{"id":639,"date":"2020-01-28T07:01:28","date_gmt":"2020-01-28T06:01:28","guid":{"rendered":"https:\/\/ambientenergy.cz\/novinky\/"},"modified":"2026-04-01T09:58:38","modified_gmt":"2026-04-01T07:58:38","slug":"novinky","status":"publish","type":"page","link":"http:\/\/ambientenergy.cz\/en\/novinky\/","title":{"rendered":"Novinky"},"content":{"rendered":"\n<h1 class=\"wp-block-heading\">Novinky<\/h1>\n\n\n\n<p>Na t\u00e9to str\u00e1nce si m\u016f\u017eete p\u0159e\u010d\u00edst spoustu zaj\u00edmav\u00fdch novinek z&nbsp;na\u0161eho webu.<\/p>\n\n\n\n<p><strong>Index zaji\u0161t\u011bn\u00ed obchodn\u00edka s&nbsp;plynem<\/strong><\/p>\n\n\n\n<p>V souladu s&nbsp;\u00a7 61 odst. 2 p\u00edsm. q) z\u00e1kona \u010d.&nbsp;458\/2000 Sb., energetick\u00fd z\u00e1kon, zve\u0159ej\u0148ujeme hodnotu indexu zaji\u0161t\u011bn\u00ed obchodn\u00edka s&nbsp;plynem stanovenou k&nbsp;31.&nbsp;3.&nbsp;2026.<\/p>\n\n\n\n<p><strong>Hodnota indexu zaji\u0161t\u011bn\u00ed obchodn\u00edka s&nbsp;plynem k&nbsp;31.&nbsp;3.&nbsp;2026: 100&nbsp;%<\/strong><\/p>\n\n\n\n<p><\/p>\n","protected":false},"excerpt":{"rendered":"<p>Novinky Na t\u00e9to str\u00e1nce si m\u016f\u017eete p\u0159e\u010d\u00edst spoustu zaj\u00edmav\u00fdch novinek z&nbsp;na\u0161eho webu. Index zaji\u0161t\u011bn\u00ed obchodn\u00edka s&nbsp;plynem V&nbsp;souladu s&nbsp;\u00a7 61 &#8230;<\/p>\n","protected":false},"author":1,"featured_media":0,"parent":0,"menu_order":19,"comment_status":"closed","ping_status":"closed","template":"","meta":{"footnotes":""},"acf":[],"yoast_head":"<!-- This site is optimized with the Yoast SEO plugin v22.8 - https:\/\/yoast.com\/wordpress\/plugins\/seo\/ -->\n<title>Novinky - Ambient Energy<\/title>\n<meta name=\"robots\" content=\"noindex, follow, max-snippet:-1, max-image-preview:large, max-video-preview:-1\" \/>\n<meta property=\"og:locale\" content=\"en_US\" \/>\n<meta property=\"og:type\" content=\"article\" \/>\n<meta property=\"og:title\" content=\"Novinky - Ambient Energy\" \/>\n<meta property=\"og:description\" content=\"Novinky Na t\u00e9to str\u00e1nce si m\u016f\u017eete p\u0159e\u010d\u00edst spoustu zaj\u00edmav\u00fdch novinek z na\u0161eho webu. Index zaji\u0161t\u011bn\u00ed obchodn\u00edka s plynem V souladu s \u00a7 61 ...\" \/>\n<meta property=\"og:url\" content=\"http:\/\/ambientenergy.cz\/en\/novinky\/\" \/>\n<meta property=\"og:site_name\" content=\"Ambient Energy\" \/>\n<meta property=\"article:modified_time\" content=\"2026-04-01T07:58:38+00:00\" \/>\n<meta name=\"twitter:card\" content=\"summary_large_image\" \/>\n<meta name=\"twitter:label1\" content=\"Est. reading time\" \/>\n\t<meta name=\"twitter:data1\" content=\"1 minute\" \/>\n<script type=\"application\/ld+json\" class=\"yoast-schema-graph\">{\"@context\":\"https:\/\/schema.org\",\"@graph\":[{\"@type\":\"WebPage\",\"@id\":\"http:\/\/ambientenergy.cz\/en\/novinky\/\",\"url\":\"http:\/\/ambientenergy.cz\/en\/novinky\/\",\"name\":\"Novinky - Ambient Energy\",\"isPartOf\":{\"@id\":\"https:\/\/ambientenergy.cz\/en\/#website\"},\"datePublished\":\"2020-01-28T06:01:28+00:00\",\"dateModified\":\"2026-04-01T07:58:38+00:00\",\"breadcrumb\":{\"@id\":\"http:\/\/ambientenergy.cz\/en\/novinky\/#breadcrumb\"},\"inLanguage\":\"en-US\",\"potentialAction\":[{\"@type\":\"ReadAction\",\"target\":[\"http:\/\/ambientenergy.cz\/en\/novinky\/\"]}]},{\"@type\":\"BreadcrumbList\",\"@id\":\"http:\/\/ambientenergy.cz\/en\/novinky\/#breadcrumb\",\"itemListElement\":[{\"@type\":\"ListItem\",\"position\":1,\"name\":\"Dom\u016f\",\"item\":\"http:\/\/ambientenergy.cz\/en\/\"},{\"@type\":\"ListItem\",\"position\":2,\"name\":\"Novinky\"}]},{\"@type\":\"WebSite\",\"@id\":\"https:\/\/ambientenergy.cz\/en\/#website\",\"url\":\"https:\/\/ambientenergy.cz\/en\/\",\"name\":\"Ambient Energy\",\"description\":\"\",\"potentialAction\":[{\"@type\":\"SearchAction\",\"target\":{\"@type\":\"EntryPoint\",\"urlTemplate\":\"https:\/\/ambientenergy.cz\/en\/?s={search_term_string}\"},\"query-input\":\"required name=search_term_string\"}],\"inLanguage\":\"en-US\"}]}<\/script>\n<!-- \/ Yoast SEO plugin. -->","yoast_head_json":{"title":"Novinky - Ambient Energy","robots":{"index":"noindex","follow":"follow","max-snippet":"max-snippet:-1","max-image-preview":"max-image-preview:large","max-video-preview":"max-video-preview:-1"},"og_locale":"en_US","og_type":"article","og_title":"Novinky - Ambient Energy","og_description":"Novinky Na t\u00e9to str\u00e1nce si m\u016f\u017eete p\u0159e\u010d\u00edst spoustu zaj\u00edmav\u00fdch novinek z na\u0161eho webu. Index zaji\u0161t\u011bn\u00ed obchodn\u00edka s plynem V souladu s \u00a7 61 ...","og_url":"http:\/\/ambientenergy.cz\/en\/novinky\/","og_site_name":"Ambient Energy","article_modified_time":"2026-04-01T07:58:38+00:00","twitter_card":"summary_large_image","twitter_misc":{"Est. reading time":"1 minute"},"schema":{"@context":"https:\/\/schema.org","@graph":[{"@type":"WebPage","@id":"http:\/\/ambientenergy.cz\/en\/novinky\/","url":"http:\/\/ambientenergy.cz\/en\/novinky\/","name":"Novinky - Ambient Energy","isPartOf":{"@id":"https:\/\/ambientenergy.cz\/en\/#website"},"datePublished":"2020-01-28T06:01:28+00:00","dateModified":"2026-04-01T07:58:38+00:00","breadcrumb":{"@id":"http:\/\/ambientenergy.cz\/en\/novinky\/#breadcrumb"},"inLanguage":"en-US","potentialAction":[{"@type":"ReadAction","target":["http:\/\/ambientenergy.cz\/en\/novinky\/"]}]},{"@type":"BreadcrumbList","@id":"http:\/\/ambientenergy.cz\/en\/novinky\/#breadcrumb","itemListElement":[{"@type":"ListItem","position":1,"name":"Dom\u016f","item":"http:\/\/ambientenergy.cz\/en\/"},{"@type":"ListItem","position":2,"name":"Novinky"}]},{"@type":"WebSite","@id":"https:\/\/ambientenergy.cz\/en\/#website","url":"https:\/\/ambientenergy.cz\/en\/","name":"Ambient Energy","description":"","potentialAction":[{"@type":"SearchAction","target":{"@type":"EntryPoint","urlTemplate":"https:\/\/ambientenergy.cz\/en\/?s={search_term_string}"},"query-input":"required name=search_term_string"}],"inLanguage":"en-US"}]}},"_links":{"self":[{"href":"http:\/\/ambientenergy.cz\/en\/wp-json\/wp\/v2\/pages\/639"}],"collection":[{"href":"http:\/\/ambientenergy.cz\/en\/wp-json\/wp\/v2\/pages"}],"about":[{"href":"http:\/\/ambientenergy.cz\/en\/wp-json\/wp\/v2\/types\/page"}],"author":[{"embeddable":true,"href":"http:\/\/ambientenergy.cz\/en\/wp-json\/wp\/v2\/users\/1"}],"replies":[{"embeddable":true,"href":"http:\/\/ambientenergy.cz\/en\/wp-json\/wp\/v2\/comments?post=639"}],"version-history":[{"count":3,"href":"http:\/\/ambientenergy.cz\/en\/wp-json\/wp\/v2\/pages\/639\/revisions"}],"predecessor-version":[{"id":1496,"href":"http:\/\/ambientenergy.cz\/en\/wp-json\/wp\/v2\/pages\/639\/revisions\/1496"}],"wp:attachment":[{"href":"http:\/\/ambientenergy.cz\/en\/wp-json\/wp\/v2\/media?parent=639"}],"curies":[{"name":"wp","href":"https:\/\/api.w.org\/{rel}","templated":true}]}}