{"id":642,"date":"2023-12-21T21:14:52","date_gmt":"2023-12-21T20:14:52","guid":{"rendered":"https:\/\/ambientenergy.cz\/sluzby-vykonove-rovnovahy\/"},"modified":"2024-10-21T13:48:00","modified_gmt":"2024-10-21T11:48:00","slug":"sluzby-vykonove-rovnovahy","status":"publish","type":"page","link":"https:\/\/ambientenergy.cz\/en\/sluzby-vykonove-rovnovahy\/","title":{"rendered":"Slu\u017eby v\u00fdkonov\u00e9 rovnov\u00e1hy"},"content":{"rendered":"","protected":false},"excerpt":{"rendered":"","protected":false},"author":8,"featured_media":0,"parent":0,"menu_order":11,"comment_status":"closed","ping_status":"closed","template":"page-templates\/services-detail.php","meta":{"footnotes":""},"acf":[],"yoast_head":"<!-- This site is optimized with the Yoast SEO plugin v22.8 - https:\/\/yoast.com\/wordpress\/plugins\/seo\/ -->\n<title>Slu\u017eby v\u00fdkonov\u00e9 rovnov\u00e1hy - Ambient Energy<\/title>\n<meta name=\"robots\" content=\"noindex, follow, max-snippet:-1, max-image-preview:large, max-video-preview:-1\" \/>\n<meta property=\"og:locale\" content=\"en_US\" \/>\n<meta property=\"og:type\" content=\"article\" \/>\n<meta property=\"og:title\" content=\"Slu\u017eby v\u00fdkonov\u00e9 rovnov\u00e1hy - Ambient Energy\" \/>\n<meta property=\"og:url\" content=\"https:\/\/ambientenergy.cz\/en\/sluzby-vykonove-rovnovahy\/\" \/>\n<meta property=\"og:site_name\" content=\"Ambient Energy\" \/>\n<meta property=\"article:modified_time\" content=\"2024-10-21T11:48:00+00:00\" \/>\n<meta name=\"twitter:card\" content=\"summary_large_image\" \/>\n<script type=\"application\/ld+json\" class=\"yoast-schema-graph\">{\"@context\":\"https:\/\/schema.org\",\"@graph\":[{\"@type\":\"WebPage\",\"@id\":\"https:\/\/ambientenergy.cz\/en\/sluzby-vykonove-rovnovahy\/\",\"url\":\"https:\/\/ambientenergy.cz\/en\/sluzby-vykonove-rovnovahy\/\",\"name\":\"Slu\u017eby v\u00fdkonov\u00e9 rovnov\u00e1hy - Ambient Energy\",\"isPartOf\":{\"@id\":\"http:\/\/ambientenergy.cz\/en\/#website\"},\"datePublished\":\"2023-12-21T20:14:52+00:00\",\"dateModified\":\"2024-10-21T11:48:00+00:00\",\"breadcrumb\":{\"@id\":\"https:\/\/ambientenergy.cz\/en\/sluzby-vykonove-rovnovahy\/#breadcrumb\"},\"inLanguage\":\"en-US\",\"potentialAction\":[{\"@type\":\"ReadAction\",\"target\":[\"https:\/\/ambientenergy.cz\/en\/sluzby-vykonove-rovnovahy\/\"]}]},{\"@type\":\"BreadcrumbList\",\"@id\":\"https:\/\/ambientenergy.cz\/en\/sluzby-vykonove-rovnovahy\/#breadcrumb\",\"itemListElement\":[{\"@type\":\"ListItem\",\"position\":1,\"name\":\"Dom\u016f\",\"item\":\"https:\/\/ambientenergy.cz\/en\/\"},{\"@type\":\"ListItem\",\"position\":2,\"name\":\"Slu\u017eby v\u00fdkonov\u00e9 rovnov\u00e1hy\"}]},{\"@type\":\"WebSite\",\"@id\":\"http:\/\/ambientenergy.cz\/en\/#website\",\"url\":\"http:\/\/ambientenergy.cz\/en\/\",\"name\":\"Ambient Energy\",\"description\":\"\",\"potentialAction\":[{\"@type\":\"SearchAction\",\"target\":{\"@type\":\"EntryPoint\",\"urlTemplate\":\"http:\/\/ambientenergy.cz\/en\/?s={search_term_string}\"},\"query-input\":\"required name=search_term_string\"}],\"inLanguage\":\"en-US\"}]}<\/script>\n<!-- \/ Yoast SEO plugin. -->","yoast_head_json":{"title":"Slu\u017eby v\u00fdkonov\u00e9 rovnov\u00e1hy - Ambient Energy","robots":{"index":"noindex","follow":"follow","max-snippet":"max-snippet:-1","max-image-preview":"max-image-preview:large","max-video-preview":"max-video-preview:-1"},"og_locale":"en_US","og_type":"article","og_title":"Slu\u017eby v\u00fdkonov\u00e9 rovnov\u00e1hy - Ambient Energy","og_url":"https:\/\/ambientenergy.cz\/en\/sluzby-vykonove-rovnovahy\/","og_site_name":"Ambient Energy","article_modified_time":"2024-10-21T11:48:00+00:00","twitter_card":"summary_large_image","schema":{"@context":"https:\/\/schema.org","@graph":[{"@type":"WebPage","@id":"https:\/\/ambientenergy.cz\/en\/sluzby-vykonove-rovnovahy\/","url":"https:\/\/ambientenergy.cz\/en\/sluzby-vykonove-rovnovahy\/","name":"Slu\u017eby v\u00fdkonov\u00e9 rovnov\u00e1hy - Ambient Energy","isPartOf":{"@id":"http:\/\/ambientenergy.cz\/en\/#website"},"datePublished":"2023-12-21T20:14:52+00:00","dateModified":"2024-10-21T11:48:00+00:00","breadcrumb":{"@id":"https:\/\/ambientenergy.cz\/en\/sluzby-vykonove-rovnovahy\/#breadcrumb"},"inLanguage":"en-US","potentialAction":[{"@type":"ReadAction","target":["https:\/\/ambientenergy.cz\/en\/sluzby-vykonove-rovnovahy\/"]}]},{"@type":"BreadcrumbList","@id":"https:\/\/ambientenergy.cz\/en\/sluzby-vykonove-rovnovahy\/#breadcrumb","itemListElement":[{"@type":"ListItem","position":1,"name":"Dom\u016f","item":"https:\/\/ambientenergy.cz\/en\/"},{"@type":"ListItem","position":2,"name":"Slu\u017eby v\u00fdkonov\u00e9 rovnov\u00e1hy"}]},{"@type":"WebSite","@id":"http:\/\/ambientenergy.cz\/en\/#website","url":"http:\/\/ambientenergy.cz\/en\/","name":"Ambient Energy","description":"","potentialAction":[{"@type":"SearchAction","target":{"@type":"EntryPoint","urlTemplate":"http:\/\/ambientenergy.cz\/en\/?s={search_term_string}"},"query-input":"required name=search_term_string"}],"inLanguage":"en-US"}]}},"_links":{"self":[{"href":"https:\/\/ambientenergy.cz\/en\/wp-json\/wp\/v2\/pages\/642"}],"collection":[{"href":"https:\/\/ambientenergy.cz\/en\/wp-json\/wp\/v2\/pages"}],"about":[{"href":"https:\/\/ambientenergy.cz\/en\/wp-json\/wp\/v2\/types\/page"}],"author":[{"embeddable":true,"href":"https:\/\/ambientenergy.cz\/en\/wp-json\/wp\/v2\/users\/8"}],"replies":[{"embeddable":true,"href":"https:\/\/ambientenergy.cz\/en\/wp-json\/wp\/v2\/comments?post=642"}],"version-history":[{"count":67,"href":"https:\/\/ambientenergy.cz\/en\/wp-json\/wp\/v2\/pages\/642\/revisions"}],"predecessor-version":[{"id":1315,"href":"https:\/\/ambientenergy.cz\/en\/wp-json\/wp\/v2\/pages\/642\/revisions\/1315"}],"wp:attachment":[{"href":"https:\/\/ambientenergy.cz\/en\/wp-json\/wp\/v2\/media?parent=642"}],"curies":[{"name":"wp","href":"https:\/\/api.w.org\/{rel}","templated":true}]}}