{"id":644,"date":"2023-12-21T21:14:38","date_gmt":"2023-12-21T20:14:38","guid":{"rendered":"https:\/\/ambientenergy.cz\/vykup-elektriny-a-zaruka-puvodu\/"},"modified":"2024-10-21T13:46:42","modified_gmt":"2024-10-21T11:46:42","slug":"vykup-elektriny-a-zaruka-puvodu","status":"publish","type":"page","link":"https:\/\/ambientenergy.cz\/en\/vykup-elektriny-a-zaruka-puvodu\/","title":{"rendered":"V\u00fdkup elekt\u0159iny a&nbsp;z\u00e1ruk p\u016fvodu"},"content":{"rendered":"","protected":false},"excerpt":{"rendered":"","protected":false},"author":8,"featured_media":0,"parent":0,"menu_order":9,"comment_status":"closed","ping_status":"closed","template":"page-templates\/services-detail.php","meta":{"footnotes":""},"acf":[],"yoast_head":"<!-- This site is optimized with the Yoast SEO plugin v22.8 - https:\/\/yoast.com\/wordpress\/plugins\/seo\/ -->\n<title>V\u00fdkup elekt\u0159iny a z\u00e1ruk p\u016fvodu - Ambient Energy<\/title>\n<meta name=\"robots\" content=\"noindex, follow, max-snippet:-1, max-image-preview:large, max-video-preview:-1\" \/>\n<meta property=\"og:locale\" content=\"en_US\" \/>\n<meta property=\"og:type\" content=\"article\" \/>\n<meta property=\"og:title\" content=\"V\u00fdkup elekt\u0159iny a z\u00e1ruk p\u016fvodu - Ambient Energy\" \/>\n<meta property=\"og:url\" content=\"https:\/\/ambientenergy.cz\/en\/vykup-elektriny-a-zaruka-puvodu\/\" \/>\n<meta property=\"og:site_name\" content=\"Ambient Energy\" \/>\n<meta property=\"article:modified_time\" content=\"2024-10-21T11:46:42+00:00\" \/>\n<meta name=\"twitter:card\" content=\"summary_large_image\" \/>\n<script type=\"application\/ld+json\" class=\"yoast-schema-graph\">{\"@context\":\"https:\/\/schema.org\",\"@graph\":[{\"@type\":\"WebPage\",\"@id\":\"https:\/\/ambientenergy.cz\/en\/vykup-elektriny-a-zaruka-puvodu\/\",\"url\":\"https:\/\/ambientenergy.cz\/en\/vykup-elektriny-a-zaruka-puvodu\/\",\"name\":\"V\u00fdkup elekt\u0159iny a z\u00e1ruk p\u016fvodu - Ambient Energy\",\"isPartOf\":{\"@id\":\"https:\/\/ambientenergy.cz\/en\/#website\"},\"datePublished\":\"2023-12-21T20:14:38+00:00\",\"dateModified\":\"2024-10-21T11:46:42+00:00\",\"breadcrumb\":{\"@id\":\"https:\/\/ambientenergy.cz\/en\/vykup-elektriny-a-zaruka-puvodu\/#breadcrumb\"},\"inLanguage\":\"en-US\",\"potentialAction\":[{\"@type\":\"ReadAction\",\"target\":[\"https:\/\/ambientenergy.cz\/en\/vykup-elektriny-a-zaruka-puvodu\/\"]}]},{\"@type\":\"BreadcrumbList\",\"@id\":\"https:\/\/ambientenergy.cz\/en\/vykup-elektriny-a-zaruka-puvodu\/#breadcrumb\",\"itemListElement\":[{\"@type\":\"ListItem\",\"position\":1,\"name\":\"Dom\u016f\",\"item\":\"http:\/\/ambientenergy.cz\/en\/\"},{\"@type\":\"ListItem\",\"position\":2,\"name\":\"V\u00fdkup elekt\u0159iny a&nbsp;z\u00e1ruk p\u016fvodu\"}]},{\"@type\":\"WebSite\",\"@id\":\"https:\/\/ambientenergy.cz\/en\/#website\",\"url\":\"https:\/\/ambientenergy.cz\/en\/\",\"name\":\"Ambient Energy\",\"description\":\"\",\"potentialAction\":[{\"@type\":\"SearchAction\",\"target\":{\"@type\":\"EntryPoint\",\"urlTemplate\":\"https:\/\/ambientenergy.cz\/en\/?s={search_term_string}\"},\"query-input\":\"required name=search_term_string\"}],\"inLanguage\":\"en-US\"}]}<\/script>\n<!-- \/ Yoast SEO plugin. -->","yoast_head_json":{"title":"V\u00fdkup elekt\u0159iny a z\u00e1ruk p\u016fvodu - Ambient Energy","robots":{"index":"noindex","follow":"follow","max-snippet":"max-snippet:-1","max-image-preview":"max-image-preview:large","max-video-preview":"max-video-preview:-1"},"og_locale":"en_US","og_type":"article","og_title":"V\u00fdkup elekt\u0159iny a z\u00e1ruk p\u016fvodu - Ambient Energy","og_url":"https:\/\/ambientenergy.cz\/en\/vykup-elektriny-a-zaruka-puvodu\/","og_site_name":"Ambient Energy","article_modified_time":"2024-10-21T11:46:42+00:00","twitter_card":"summary_large_image","schema":{"@context":"https:\/\/schema.org","@graph":[{"@type":"WebPage","@id":"https:\/\/ambientenergy.cz\/en\/vykup-elektriny-a-zaruka-puvodu\/","url":"https:\/\/ambientenergy.cz\/en\/vykup-elektriny-a-zaruka-puvodu\/","name":"V\u00fdkup elekt\u0159iny a z\u00e1ruk p\u016fvodu - Ambient Energy","isPartOf":{"@id":"https:\/\/ambientenergy.cz\/en\/#website"},"datePublished":"2023-12-21T20:14:38+00:00","dateModified":"2024-10-21T11:46:42+00:00","breadcrumb":{"@id":"https:\/\/ambientenergy.cz\/en\/vykup-elektriny-a-zaruka-puvodu\/#breadcrumb"},"inLanguage":"en-US","potentialAction":[{"@type":"ReadAction","target":["https:\/\/ambientenergy.cz\/en\/vykup-elektriny-a-zaruka-puvodu\/"]}]},{"@type":"BreadcrumbList","@id":"https:\/\/ambientenergy.cz\/en\/vykup-elektriny-a-zaruka-puvodu\/#breadcrumb","itemListElement":[{"@type":"ListItem","position":1,"name":"Dom\u016f","item":"http:\/\/ambientenergy.cz\/en\/"},{"@type":"ListItem","position":2,"name":"V\u00fdkup elekt\u0159iny a&nbsp;z\u00e1ruk p\u016fvodu"}]},{"@type":"WebSite","@id":"https:\/\/ambientenergy.cz\/en\/#website","url":"https:\/\/ambientenergy.cz\/en\/","name":"Ambient Energy","description":"","potentialAction":[{"@type":"SearchAction","target":{"@type":"EntryPoint","urlTemplate":"https:\/\/ambientenergy.cz\/en\/?s={search_term_string}"},"query-input":"required name=search_term_string"}],"inLanguage":"en-US"}]}},"_links":{"self":[{"href":"https:\/\/ambientenergy.cz\/en\/wp-json\/wp\/v2\/pages\/644"}],"collection":[{"href":"https:\/\/ambientenergy.cz\/en\/wp-json\/wp\/v2\/pages"}],"about":[{"href":"https:\/\/ambientenergy.cz\/en\/wp-json\/wp\/v2\/types\/page"}],"author":[{"embeddable":true,"href":"https:\/\/ambientenergy.cz\/en\/wp-json\/wp\/v2\/users\/8"}],"replies":[{"embeddable":true,"href":"https:\/\/ambientenergy.cz\/en\/wp-json\/wp\/v2\/comments?post=644"}],"version-history":[{"count":31,"href":"https:\/\/ambientenergy.cz\/en\/wp-json\/wp\/v2\/pages\/644\/revisions"}],"predecessor-version":[{"id":1313,"href":"https:\/\/ambientenergy.cz\/en\/wp-json\/wp\/v2\/pages\/644\/revisions\/1313"}],"wp:attachment":[{"href":"https:\/\/ambientenergy.cz\/en\/wp-json\/wp\/v2\/media?parent=644"}],"curies":[{"name":"wp","href":"https:\/\/api.w.org\/{rel}","templated":true}]}}